{"id":3811,"date":"2026-02-24T09:50:16","date_gmt":"2026-02-24T09:50:16","guid":{"rendered":"https:\/\/kleinvieh.nordlandreise.ch\/?page_id=3811"},"modified":"2026-02-24T10:38:25","modified_gmt":"2026-02-24T10:38:25","slug":"2024-korsika-offroad-mit-knecht-ruprecht","status":"publish","type":"page","link":"https:\/\/kleinvieh.nordlandreise.ch\/index.php\/2024-korsika-offroad-mit-knecht-ruprecht\/","title":{"rendered":"2024 &#8211; Korsika (Offroad mit Knecht Ruprecht)"},"content":{"rendered":"\n<div class=\"wp-block-columns has-2-columns is-layout-flex wp-container-core-columns-is-layout-9d6595d7 wp-block-columns-is-layout-flex\">\n<div class=\"wp-block-column is-layout-flow wp-block-column-is-layout-flow\">\n<p class=\"has-text-align-center\"><strong><a href=\"https:\/\/kleinvieh.nordlandreise.ch\/\" data-type=\"page\" data-id=\"1788\">Zur\u00fcck zum Kleinvieh<\/a><\/strong><\/p>\n<\/div>\n<\/div>\n\n\n\n<p>Im September 2024 ging es nach Korsika zum Offroadfahren. Die Anreise war geplant \u00fcber Genua, aber knapp eine Woche vorher kam Mobylines auf die Idee, den Fahrplan zu wechseln. Alles storniert und mittels Corsica Ferries auf die Insel \u00fcbersetzt.<br>Als Base Camp wurden Saint-Florent und in Propiano f\u00fcr jeweils 3 Tage ausgew\u00e4hlt.<\/p>\n\n\n\n<p>Tag 1 &#8211; Von Bettingen (bei Basel) via Gotthard, Furka und Simplon in Richtung Genua. Abfahrt war nicht ganz so fr\u00fch wie f\u00fcr die HAT 2024. <\/p>\n\n\n\n<figure class=\"wp-block-gallery has-nested-images columns-default is-cropped wp-block-gallery-1 is-layout-flex wp-block-gallery-is-layout-flex\">\n<figure class=\"wp-block-image size-large\"><img loading=\"lazy\" decoding=\"async\" width=\"1024\" height=\"485\" data-id=\"3828\" src=\"https:\/\/kleinvieh.nordlandreise.ch\/wp-content\/uploads\/2024\/12\/20240920_091142-1024x485.jpg\" alt=\"\" class=\"wp-image-3828\"\/><\/figure>\n\n\n\n<figure class=\"wp-block-image size-large\"><img loading=\"lazy\" decoding=\"async\" width=\"1024\" height=\"485\" data-id=\"3829\" src=\"https:\/\/kleinvieh.nordlandreise.ch\/wp-content\/uploads\/2024\/12\/20240920_111322-1024x485.jpg\" alt=\"\" class=\"wp-image-3829\"\/><\/figure>\n\n\n\n<figure class=\"wp-block-image size-large\"><img loading=\"lazy\" decoding=\"async\" width=\"1024\" height=\"485\" data-id=\"3830\" src=\"https:\/\/kleinvieh.nordlandreise.ch\/wp-content\/uploads\/2024\/12\/20240920_121946-1024x485.jpg\" alt=\"\" class=\"wp-image-3830\"\/><\/figure>\n\n\n\n<figure class=\"wp-block-image size-large\"><img loading=\"lazy\" decoding=\"async\" width=\"1024\" height=\"485\" data-id=\"3832\" src=\"https:\/\/kleinvieh.nordlandreise.ch\/wp-content\/uploads\/2024\/12\/20240920_122355-1024x485.jpg\" alt=\"\" class=\"wp-image-3832\"\/><\/figure>\n\n\n\n<figure class=\"wp-block-image size-large\"><img loading=\"lazy\" decoding=\"async\" width=\"1024\" height=\"485\" data-id=\"3833\" src=\"https:\/\/kleinvieh.nordlandreise.ch\/wp-content\/uploads\/2024\/12\/20240920_122524-1024x485.jpg\" alt=\"\" class=\"wp-image-3833\"\/><\/figure>\n\n\n\n<figure class=\"wp-block-image size-large\"><img loading=\"lazy\" decoding=\"async\" width=\"1024\" height=\"485\" data-id=\"3834\" src=\"https:\/\/kleinvieh.nordlandreise.ch\/wp-content\/uploads\/2024\/12\/20240920_141315-1024x485.jpg\" alt=\"\" class=\"wp-image-3834\"\/><\/figure>\n\n\n\n<figure class=\"wp-block-image size-large\"><img loading=\"lazy\" decoding=\"async\" width=\"1024\" height=\"485\" data-id=\"3831\" src=\"https:\/\/kleinvieh.nordlandreise.ch\/wp-content\/uploads\/2024\/12\/20240920_192544-1024x485.jpg\" alt=\"\" class=\"wp-image-3831\"\/><\/figure>\n<\/figure>\n\n\n\n<p>Tag 2 &#8211; Durch die Berge runter an die K\u00fcste nach Livorno. Interessanterweise waren Kurviger und das Garmin nicht der gleichen Auffassung, was die Fahrzeit angeht. Wenn Garmin recht hat, verpasse ich die F\u00e4hre.<br>Aber auf dem Garmin waren kleinste Strassen und unbefestigte Strassen ausgegraut, aber trotzdem hat er mich \u00fcber solche Strassen gef\u00fchrt&#8230;<br>Gestartet wird wie immer mit einem guten Fr\u00fchst\u00fcck. Und wie ihr seht, war die F\u00e4hre noch da und Knecht Ruprecht ordentlich an das Schiff gebondaged. Abgeschlossen wurde die Fahrt mit einem sch\u00f6nen Sonnenuntergang am <a href=\"https:\/\/de.wikipedia.org\/wiki\/Col_de_Teghime\" target=\"_blank\" rel=\"noreferrer noopener\">Col du Teghime<\/a>.<\/p>\n\n\n\n<figure class=\"wp-block-gallery has-nested-images columns-default is-cropped wp-block-gallery-2 is-layout-flex wp-block-gallery-is-layout-flex\">\n<figure class=\"wp-block-image size-large\"><img loading=\"lazy\" decoding=\"async\" width=\"1024\" height=\"485\" data-id=\"3835\" src=\"https:\/\/kleinvieh.nordlandreise.ch\/wp-content\/uploads\/2024\/12\/20240921_073203-1024x485.jpg\" alt=\"\" class=\"wp-image-3835\"\/><\/figure>\n\n\n\n<figure class=\"wp-block-image size-large\"><img loading=\"lazy\" decoding=\"async\" width=\"1024\" height=\"485\" data-id=\"3836\" src=\"https:\/\/kleinvieh.nordlandreise.ch\/wp-content\/uploads\/2024\/12\/20240921_085650-1024x485.jpg\" alt=\"\" class=\"wp-image-3836\"\/><\/figure>\n\n\n\n<figure class=\"wp-block-image size-large\"><img loading=\"lazy\" decoding=\"async\" width=\"1024\" height=\"485\" data-id=\"3837\" src=\"https:\/\/kleinvieh.nordlandreise.ch\/wp-content\/uploads\/2024\/12\/20240921_105120-1024x485.jpg\" alt=\"\" class=\"wp-image-3837\"\/><\/figure>\n\n\n\n<figure class=\"wp-block-image size-large\"><img loading=\"lazy\" decoding=\"async\" width=\"1024\" height=\"485\" data-id=\"3838\" src=\"https:\/\/kleinvieh.nordlandreise.ch\/wp-content\/uploads\/2024\/12\/20240921_131943-1024x485.jpg\" alt=\"\" class=\"wp-image-3838\"\/><\/figure>\n\n\n\n<figure class=\"wp-block-image size-large\"><img loading=\"lazy\" decoding=\"async\" width=\"1024\" height=\"485\" data-id=\"3839\" src=\"https:\/\/kleinvieh.nordlandreise.ch\/wp-content\/uploads\/2024\/12\/20240921_135526-1024x485.jpg\" alt=\"\" class=\"wp-image-3839\"\/><\/figure>\n\n\n\n<figure class=\"wp-block-image size-large\"><img loading=\"lazy\" decoding=\"async\" width=\"1024\" height=\"485\" data-id=\"3840\" src=\"https:\/\/kleinvieh.nordlandreise.ch\/wp-content\/uploads\/2024\/12\/20240921_194014-1024x485.jpg\" alt=\"\" class=\"wp-image-3840\"\/><\/figure>\n<\/figure>\n\n\n\n<p>Die restlichen Tage macht man dann, was man so halt auf einer Insel macht. Man kurvt zu den Offroadstrecken, f\u00e4hrt diese ab und abends dann im Hotel ein Ap\u00e9ro.<br>Hier noch ein paar Bilder, der Rest seht ihr im Video. <\/p>\n\n\n\n<p>Das Essen liegt nur so auf und neben der Strasse rum.<\/p>\n\n\n\n<figure class=\"wp-block-gallery has-nested-images columns-default is-cropped wp-block-gallery-3 is-layout-flex wp-block-gallery-is-layout-flex\">\n<figure class=\"wp-block-image size-large\"><img loading=\"lazy\" decoding=\"async\" width=\"1024\" height=\"485\" data-id=\"3941\" src=\"https:\/\/kleinvieh.nordlandreise.ch\/wp-content\/uploads\/2026\/02\/20240924_153820-1024x485.webp\" alt=\"\" class=\"wp-image-3941\" srcset=\"https:\/\/kleinvieh.nordlandreise.ch\/wp-content\/uploads\/2026\/02\/20240924_153820-1024x485.webp 1024w, https:\/\/kleinvieh.nordlandreise.ch\/wp-content\/uploads\/2026\/02\/20240924_153820-300x142.webp 300w, https:\/\/kleinvieh.nordlandreise.ch\/wp-content\/uploads\/2026\/02\/20240924_153820-768x363.webp 768w, https:\/\/kleinvieh.nordlandreise.ch\/wp-content\/uploads\/2026\/02\/20240924_153820-1536x727.webp 1536w, https:\/\/kleinvieh.nordlandreise.ch\/wp-content\/uploads\/2026\/02\/20240924_153820-2048x969.webp 2048w, https:\/\/kleinvieh.nordlandreise.ch\/wp-content\/uploads\/2026\/02\/20240924_153820-200x95.webp 200w, https:\/\/kleinvieh.nordlandreise.ch\/wp-content\/uploads\/2026\/02\/20240924_153820-900x426.webp 900w, https:\/\/kleinvieh.nordlandreise.ch\/wp-content\/uploads\/2026\/02\/20240924_153820-1600x757.webp 1600w\" sizes=\"auto, (max-width: 1024px) 100vw, 1024px\" \/><\/figure>\n\n\n\n<figure class=\"wp-block-image size-large\"><img loading=\"lazy\" decoding=\"async\" width=\"1024\" height=\"485\" data-id=\"3942\" src=\"https:\/\/kleinvieh.nordlandreise.ch\/wp-content\/uploads\/2026\/02\/20240924_153852-1024x485.webp\" alt=\"\" class=\"wp-image-3942\" srcset=\"https:\/\/kleinvieh.nordlandreise.ch\/wp-content\/uploads\/2026\/02\/20240924_153852-1024x485.webp 1024w, https:\/\/kleinvieh.nordlandreise.ch\/wp-content\/uploads\/2026\/02\/20240924_153852-300x142.webp 300w, https:\/\/kleinvieh.nordlandreise.ch\/wp-content\/uploads\/2026\/02\/20240924_153852-768x363.webp 768w, https:\/\/kleinvieh.nordlandreise.ch\/wp-content\/uploads\/2026\/02\/20240924_153852-1536x727.webp 1536w, https:\/\/kleinvieh.nordlandreise.ch\/wp-content\/uploads\/2026\/02\/20240924_153852-2048x969.webp 2048w, https:\/\/kleinvieh.nordlandreise.ch\/wp-content\/uploads\/2026\/02\/20240924_153852-200x95.webp 200w, https:\/\/kleinvieh.nordlandreise.ch\/wp-content\/uploads\/2026\/02\/20240924_153852-900x426.webp 900w, https:\/\/kleinvieh.nordlandreise.ch\/wp-content\/uploads\/2026\/02\/20240924_153852-1600x757.webp 1600w\" sizes=\"auto, (max-width: 1024px) 100vw, 1024px\" \/><\/figure>\n\n\n\n<figure class=\"wp-block-image size-large\"><img loading=\"lazy\" decoding=\"async\" width=\"1024\" height=\"485\" data-id=\"3943\" src=\"https:\/\/kleinvieh.nordlandreise.ch\/wp-content\/uploads\/2026\/02\/20240924_154208-1024x485.webp\" alt=\"\" class=\"wp-image-3943\" srcset=\"https:\/\/kleinvieh.nordlandreise.ch\/wp-content\/uploads\/2026\/02\/20240924_154208-1024x485.webp 1024w, https:\/\/kleinvieh.nordlandreise.ch\/wp-content\/uploads\/2026\/02\/20240924_154208-300x142.webp 300w, https:\/\/kleinvieh.nordlandreise.ch\/wp-content\/uploads\/2026\/02\/20240924_154208-768x363.webp 768w, https:\/\/kleinvieh.nordlandreise.ch\/wp-content\/uploads\/2026\/02\/20240924_154208-1536x727.webp 1536w, https:\/\/kleinvieh.nordlandreise.ch\/wp-content\/uploads\/2026\/02\/20240924_154208-2048x969.webp 2048w, https:\/\/kleinvieh.nordlandreise.ch\/wp-content\/uploads\/2026\/02\/20240924_154208-200x95.webp 200w, https:\/\/kleinvieh.nordlandreise.ch\/wp-content\/uploads\/2026\/02\/20240924_154208-900x426.webp 900w, https:\/\/kleinvieh.nordlandreise.ch\/wp-content\/uploads\/2026\/02\/20240924_154208-1600x757.webp 1600w\" sizes=\"auto, (max-width: 1024px) 100vw, 1024px\" \/><\/figure>\n\n\n\n<figure class=\"wp-block-image size-large\"><img loading=\"lazy\" decoding=\"async\" width=\"1024\" height=\"485\" data-id=\"3944\" src=\"https:\/\/kleinvieh.nordlandreise.ch\/wp-content\/uploads\/2026\/02\/20240924_164542-1024x485.webp\" alt=\"\" class=\"wp-image-3944\" srcset=\"https:\/\/kleinvieh.nordlandreise.ch\/wp-content\/uploads\/2026\/02\/20240924_164542-1024x485.webp 1024w, https:\/\/kleinvieh.nordlandreise.ch\/wp-content\/uploads\/2026\/02\/20240924_164542-300x142.webp 300w, https:\/\/kleinvieh.nordlandreise.ch\/wp-content\/uploads\/2026\/02\/20240924_164542-768x363.webp 768w, https:\/\/kleinvieh.nordlandreise.ch\/wp-content\/uploads\/2026\/02\/20240924_164542-1536x727.webp 1536w, https:\/\/kleinvieh.nordlandreise.ch\/wp-content\/uploads\/2026\/02\/20240924_164542-2048x969.webp 2048w, https:\/\/kleinvieh.nordlandreise.ch\/wp-content\/uploads\/2026\/02\/20240924_164542-200x95.webp 200w, https:\/\/kleinvieh.nordlandreise.ch\/wp-content\/uploads\/2026\/02\/20240924_164542-900x426.webp 900w, https:\/\/kleinvieh.nordlandreise.ch\/wp-content\/uploads\/2026\/02\/20240924_164542-1600x757.webp 1600w\" sizes=\"auto, (max-width: 1024px) 100vw, 1024px\" \/><\/figure>\n<\/figure>\n\n\n\n<p>Mit Verlusten muss man jederzeit rechnen. Nun ist der Hebel wenigstens Offroadtauglich.<\/p>\n\n\n\n<figure class=\"wp-block-image size-large\"><img loading=\"lazy\" decoding=\"async\" width=\"1024\" height=\"485\" src=\"https:\/\/kleinvieh.nordlandreise.ch\/wp-content\/uploads\/2026\/02\/20240922_154318-1024x485.webp\" alt=\"\" class=\"wp-image-3937\" srcset=\"https:\/\/kleinvieh.nordlandreise.ch\/wp-content\/uploads\/2026\/02\/20240922_154318-1024x485.webp 1024w, https:\/\/kleinvieh.nordlandreise.ch\/wp-content\/uploads\/2026\/02\/20240922_154318-300x142.webp 300w, https:\/\/kleinvieh.nordlandreise.ch\/wp-content\/uploads\/2026\/02\/20240922_154318-768x363.webp 768w, https:\/\/kleinvieh.nordlandreise.ch\/wp-content\/uploads\/2026\/02\/20240922_154318-1536x727.webp 1536w, https:\/\/kleinvieh.nordlandreise.ch\/wp-content\/uploads\/2026\/02\/20240922_154318-2048x969.webp 2048w, https:\/\/kleinvieh.nordlandreise.ch\/wp-content\/uploads\/2026\/02\/20240922_154318-200x95.webp 200w, https:\/\/kleinvieh.nordlandreise.ch\/wp-content\/uploads\/2026\/02\/20240922_154318-900x426.webp 900w, https:\/\/kleinvieh.nordlandreise.ch\/wp-content\/uploads\/2026\/02\/20240922_154318-1600x757.webp 1600w\" sizes=\"auto, (max-width: 1024px) 100vw, 1024px\" \/><\/figure>\n\n\n\n<p>Strandfotos gab es nat\u00fcrlich auch.<\/p>\n\n\n\n<figure class=\"wp-block-gallery has-nested-images columns-default is-cropped wp-block-gallery-4 is-layout-flex wp-block-gallery-is-layout-flex\">\n<figure class=\"wp-block-image size-large\"><img loading=\"lazy\" decoding=\"async\" width=\"1024\" height=\"485\" data-id=\"3949\" src=\"https:\/\/kleinvieh.nordlandreise.ch\/wp-content\/uploads\/2026\/02\/20240927_122851-1024x485.webp\" alt=\"\" class=\"wp-image-3949\" srcset=\"https:\/\/kleinvieh.nordlandreise.ch\/wp-content\/uploads\/2026\/02\/20240927_122851-1024x485.webp 1024w, https:\/\/kleinvieh.nordlandreise.ch\/wp-content\/uploads\/2026\/02\/20240927_122851-300x142.webp 300w, https:\/\/kleinvieh.nordlandreise.ch\/wp-content\/uploads\/2026\/02\/20240927_122851-768x363.webp 768w, https:\/\/kleinvieh.nordlandreise.ch\/wp-content\/uploads\/2026\/02\/20240927_122851-1536x727.webp 1536w, https:\/\/kleinvieh.nordlandreise.ch\/wp-content\/uploads\/2026\/02\/20240927_122851-2048x969.webp 2048w, https:\/\/kleinvieh.nordlandreise.ch\/wp-content\/uploads\/2026\/02\/20240927_122851-200x95.webp 200w, https:\/\/kleinvieh.nordlandreise.ch\/wp-content\/uploads\/2026\/02\/20240927_122851-900x426.webp 900w, https:\/\/kleinvieh.nordlandreise.ch\/wp-content\/uploads\/2026\/02\/20240927_122851-1600x757.webp 1600w\" sizes=\"auto, (max-width: 1024px) 100vw, 1024px\" \/><\/figure>\n\n\n\n<figure class=\"wp-block-image size-large\"><img loading=\"lazy\" decoding=\"async\" width=\"1024\" height=\"485\" data-id=\"3947\" src=\"https:\/\/kleinvieh.nordlandreise.ch\/wp-content\/uploads\/2026\/02\/20240925_184838-1024x485.webp\" alt=\"\" class=\"wp-image-3947\" srcset=\"https:\/\/kleinvieh.nordlandreise.ch\/wp-content\/uploads\/2026\/02\/20240925_184838-1024x485.webp 1024w, https:\/\/kleinvieh.nordlandreise.ch\/wp-content\/uploads\/2026\/02\/20240925_184838-300x142.webp 300w, https:\/\/kleinvieh.nordlandreise.ch\/wp-content\/uploads\/2026\/02\/20240925_184838-768x363.webp 768w, https:\/\/kleinvieh.nordlandreise.ch\/wp-content\/uploads\/2026\/02\/20240925_184838-1536x727.webp 1536w, https:\/\/kleinvieh.nordlandreise.ch\/wp-content\/uploads\/2026\/02\/20240925_184838-2048x969.webp 2048w, https:\/\/kleinvieh.nordlandreise.ch\/wp-content\/uploads\/2026\/02\/20240925_184838-200x95.webp 200w, https:\/\/kleinvieh.nordlandreise.ch\/wp-content\/uploads\/2026\/02\/20240925_184838-900x426.webp 900w, https:\/\/kleinvieh.nordlandreise.ch\/wp-content\/uploads\/2026\/02\/20240925_184838-1600x757.webp 1600w\" sizes=\"auto, (max-width: 1024px) 100vw, 1024px\" \/><\/figure>\n\n\n\n<figure class=\"wp-block-image size-large\"><img loading=\"lazy\" decoding=\"async\" width=\"1024\" height=\"485\" data-id=\"3946\" src=\"https:\/\/kleinvieh.nordlandreise.ch\/wp-content\/uploads\/2026\/02\/20240925_102321-1024x485.webp\" alt=\"\" class=\"wp-image-3946\" srcset=\"https:\/\/kleinvieh.nordlandreise.ch\/wp-content\/uploads\/2026\/02\/20240925_102321-1024x485.webp 1024w, https:\/\/kleinvieh.nordlandreise.ch\/wp-content\/uploads\/2026\/02\/20240925_102321-300x142.webp 300w, https:\/\/kleinvieh.nordlandreise.ch\/wp-content\/uploads\/2026\/02\/20240925_102321-768x364.webp 768w, https:\/\/kleinvieh.nordlandreise.ch\/wp-content\/uploads\/2026\/02\/20240925_102321-1536x728.webp 1536w, https:\/\/kleinvieh.nordlandreise.ch\/wp-content\/uploads\/2026\/02\/20240925_102321-2048x971.webp 2048w, https:\/\/kleinvieh.nordlandreise.ch\/wp-content\/uploads\/2026\/02\/20240925_102321-200x95.webp 200w, https:\/\/kleinvieh.nordlandreise.ch\/wp-content\/uploads\/2026\/02\/20240925_102321-900x427.webp 900w, https:\/\/kleinvieh.nordlandreise.ch\/wp-content\/uploads\/2026\/02\/20240925_102321-1600x758.webp 1600w\" sizes=\"auto, (max-width: 1024px) 100vw, 1024px\" \/><\/figure>\n\n\n\n<figure class=\"wp-block-image size-large\"><img loading=\"lazy\" decoding=\"async\" width=\"1024\" height=\"485\" data-id=\"3945\" src=\"https:\/\/kleinvieh.nordlandreise.ch\/wp-content\/uploads\/2026\/02\/20240925_093119-1024x485.webp\" alt=\"\" class=\"wp-image-3945\" srcset=\"https:\/\/kleinvieh.nordlandreise.ch\/wp-content\/uploads\/2026\/02\/20240925_093119-1024x485.webp 1024w, https:\/\/kleinvieh.nordlandreise.ch\/wp-content\/uploads\/2026\/02\/20240925_093119-300x142.webp 300w, https:\/\/kleinvieh.nordlandreise.ch\/wp-content\/uploads\/2026\/02\/20240925_093119-768x363.webp 768w, https:\/\/kleinvieh.nordlandreise.ch\/wp-content\/uploads\/2026\/02\/20240925_093119-1536x727.webp 1536w, https:\/\/kleinvieh.nordlandreise.ch\/wp-content\/uploads\/2026\/02\/20240925_093119-2048x969.webp 2048w, https:\/\/kleinvieh.nordlandreise.ch\/wp-content\/uploads\/2026\/02\/20240925_093119-200x95.webp 200w, https:\/\/kleinvieh.nordlandreise.ch\/wp-content\/uploads\/2026\/02\/20240925_093119-900x426.webp 900w, https:\/\/kleinvieh.nordlandreise.ch\/wp-content\/uploads\/2026\/02\/20240925_093119-1600x757.webp 1600w\" sizes=\"auto, (max-width: 1024px) 100vw, 1024px\" \/><\/figure>\n\n\n\n<figure class=\"wp-block-image size-large\"><img loading=\"lazy\" decoding=\"async\" width=\"1024\" height=\"485\" data-id=\"3938\" src=\"https:\/\/kleinvieh.nordlandreise.ch\/wp-content\/uploads\/2026\/02\/20240922_154335-1024x485.webp\" alt=\"\" class=\"wp-image-3938\" srcset=\"https:\/\/kleinvieh.nordlandreise.ch\/wp-content\/uploads\/2026\/02\/20240922_154335-1024x485.webp 1024w, https:\/\/kleinvieh.nordlandreise.ch\/wp-content\/uploads\/2026\/02\/20240922_154335-300x142.webp 300w, https:\/\/kleinvieh.nordlandreise.ch\/wp-content\/uploads\/2026\/02\/20240922_154335-768x363.webp 768w, https:\/\/kleinvieh.nordlandreise.ch\/wp-content\/uploads\/2026\/02\/20240922_154335-1536x727.webp 1536w, https:\/\/kleinvieh.nordlandreise.ch\/wp-content\/uploads\/2026\/02\/20240922_154335-2048x969.webp 2048w, https:\/\/kleinvieh.nordlandreise.ch\/wp-content\/uploads\/2026\/02\/20240922_154335-200x95.webp 200w, https:\/\/kleinvieh.nordlandreise.ch\/wp-content\/uploads\/2026\/02\/20240922_154335-900x426.webp 900w, https:\/\/kleinvieh.nordlandreise.ch\/wp-content\/uploads\/2026\/02\/20240922_154335-1600x757.webp 1600w\" sizes=\"auto, (max-width: 1024px) 100vw, 1024px\" \/><\/figure>\n<\/figure>\n\n\n\n<p>Im Wald waren wir nat\u00fcrlich auch, und die 66&#8217;666 km voll gemacht.<\/p>\n\n\n\n<figure class=\"wp-block-gallery has-nested-images columns-default is-cropped wp-block-gallery-5 is-layout-flex wp-block-gallery-is-layout-flex\">\n<figure class=\"wp-block-image size-large\"><img loading=\"lazy\" decoding=\"async\" width=\"1024\" height=\"485\" data-id=\"3939\" src=\"https:\/\/kleinvieh.nordlandreise.ch\/wp-content\/uploads\/2026\/02\/20240924_105013-1024x485.webp\" alt=\"\" class=\"wp-image-3939\" srcset=\"https:\/\/kleinvieh.nordlandreise.ch\/wp-content\/uploads\/2026\/02\/20240924_105013-1024x485.webp 1024w, https:\/\/kleinvieh.nordlandreise.ch\/wp-content\/uploads\/2026\/02\/20240924_105013-300x142.webp 300w, https:\/\/kleinvieh.nordlandreise.ch\/wp-content\/uploads\/2026\/02\/20240924_105013-768x363.webp 768w, https:\/\/kleinvieh.nordlandreise.ch\/wp-content\/uploads\/2026\/02\/20240924_105013-1536x727.webp 1536w, https:\/\/kleinvieh.nordlandreise.ch\/wp-content\/uploads\/2026\/02\/20240924_105013-2048x969.webp 2048w, https:\/\/kleinvieh.nordlandreise.ch\/wp-content\/uploads\/2026\/02\/20240924_105013-200x95.webp 200w, https:\/\/kleinvieh.nordlandreise.ch\/wp-content\/uploads\/2026\/02\/20240924_105013-900x426.webp 900w, https:\/\/kleinvieh.nordlandreise.ch\/wp-content\/uploads\/2026\/02\/20240924_105013-1600x757.webp 1600w\" sizes=\"auto, (max-width: 1024px) 100vw, 1024px\" \/><\/figure>\n<\/figure>\n\n\n\n<figure class=\"wp-block-image size-large\"><img loading=\"lazy\" decoding=\"async\" width=\"1024\" height=\"485\" src=\"https:\/\/kleinvieh.nordlandreise.ch\/wp-content\/uploads\/2026\/02\/20240924_105112-1024x485.webp\" alt=\"\" class=\"wp-image-3940\" srcset=\"https:\/\/kleinvieh.nordlandreise.ch\/wp-content\/uploads\/2026\/02\/20240924_105112-1024x485.webp 1024w, https:\/\/kleinvieh.nordlandreise.ch\/wp-content\/uploads\/2026\/02\/20240924_105112-300x142.webp 300w, https:\/\/kleinvieh.nordlandreise.ch\/wp-content\/uploads\/2026\/02\/20240924_105112-768x363.webp 768w, https:\/\/kleinvieh.nordlandreise.ch\/wp-content\/uploads\/2026\/02\/20240924_105112-1536x727.webp 1536w, https:\/\/kleinvieh.nordlandreise.ch\/wp-content\/uploads\/2026\/02\/20240924_105112-2048x969.webp 2048w, https:\/\/kleinvieh.nordlandreise.ch\/wp-content\/uploads\/2026\/02\/20240924_105112-200x95.webp 200w, https:\/\/kleinvieh.nordlandreise.ch\/wp-content\/uploads\/2026\/02\/20240924_105112-900x426.webp 900w, https:\/\/kleinvieh.nordlandreise.ch\/wp-content\/uploads\/2026\/02\/20240924_105112-1600x757.webp 1600w\" sizes=\"auto, (max-width: 1024px) 100vw, 1024px\" \/><\/figure>\n\n\n<div class=\"wp-block-image\">\n<figure class=\"aligncenter size-large\"><img loading=\"lazy\" decoding=\"async\" width=\"484\" height=\"1024\" src=\"https:\/\/kleinvieh.nordlandreise.ch\/wp-content\/uploads\/2026\/02\/20240927_104518-scaled-e1771929286410-484x1024.webp\" alt=\"\" class=\"wp-image-3948\" srcset=\"https:\/\/kleinvieh.nordlandreise.ch\/wp-content\/uploads\/2026\/02\/20240927_104518-scaled-e1771929286410-484x1024.webp 484w, https:\/\/kleinvieh.nordlandreise.ch\/wp-content\/uploads\/2026\/02\/20240927_104518-scaled-e1771929286410-142x300.webp 142w, https:\/\/kleinvieh.nordlandreise.ch\/wp-content\/uploads\/2026\/02\/20240927_104518-scaled-e1771929286410-768x1624.webp 768w, https:\/\/kleinvieh.nordlandreise.ch\/wp-content\/uploads\/2026\/02\/20240927_104518-scaled-e1771929286410-727x1536.webp 727w, https:\/\/kleinvieh.nordlandreise.ch\/wp-content\/uploads\/2026\/02\/20240927_104518-scaled-e1771929286410-969x2048.webp 969w, https:\/\/kleinvieh.nordlandreise.ch\/wp-content\/uploads\/2026\/02\/20240927_104518-scaled-e1771929286410-95x200.webp 95w, https:\/\/kleinvieh.nordlandreise.ch\/wp-content\/uploads\/2026\/02\/20240927_104518-scaled-e1771929286410-284x600.webp 284w, https:\/\/kleinvieh.nordlandreise.ch\/wp-content\/uploads\/2026\/02\/20240927_104518-scaled-e1771929286410-473x1000.webp 473w, https:\/\/kleinvieh.nordlandreise.ch\/wp-content\/uploads\/2026\/02\/20240927_104518-scaled-e1771929286410.webp 1211w\" sizes=\"auto, (max-width: 484px) 100vw, 484px\" \/><\/figure>\n<\/div>\n\n\n<h2 class=\"wp-block-heading has-text-align-center\">Und das wichtigste: Hier das Video zu der Woche<\/h2>\n\n\n\n<figure class=\"wp-block-embed is-type-video is-provider-youtube wp-block-embed-youtube wp-embed-aspect-16-9 wp-has-aspect-ratio\"><div class=\"wp-block-embed__wrapper\">\n<div class=\"jetpack-video-wrapper\"><iframe loading=\"lazy\" title=\"Schottern auf Korsika 2024\" width=\"720\" height=\"405\" src=\"https:\/\/www.youtube.com\/embed\/uH8uYw2tAZE?feature=oembed\" frameborder=\"0\" allow=\"accelerometer; autoplay; clipboard-write; encrypted-media; gyroscope; picture-in-picture; web-share\" referrerpolicy=\"strict-origin-when-cross-origin\" allowfullscreen><\/iframe><\/div>\n<\/div><\/figure>\n\n\n\n<div class=\"wp-block-columns is-layout-flex wp-container-core-columns-is-layout-9d6595d7 wp-block-columns-is-layout-flex\">\n<div class=\"wp-block-column is-layout-flow wp-block-column-is-layout-flow\">\n<p class=\"has-text-align-center\"><strong><strong><a href=\"https:\/\/kleinvieh.nordlandreise.ch\/\" data-type=\"page\" data-id=\"1788\">Zur\u00fcck zum Kleinvieh<\/a><\/strong><\/strong><\/p>\n<\/div>\n<\/div>\n","protected":false},"excerpt":{"rendered":"<p>Zur\u00fcck zum Kleinvieh Im September 2024 ging es nach Korsika zum Offroadfahren. Die Anreise war geplant \u00fcber Genua, aber knapp eine Woche vorher kam Mobylines auf die Idee, den Fahrplan zu wechseln. Alles storniert und mittels Corsica Ferries auf die Insel \u00fcbersetzt.Als Base Camp wurden Saint-Florent und in Propiano f\u00fcr jeweils 3 Tage ausgew\u00e4hlt. Tag&hellip;<\/p>\n","protected":false},"author":1,"featured_media":0,"parent":0,"menu_order":20,"comment_status":"open","ping_status":"closed","template":"","meta":{"_themeisle_gutenberg_block_has_review":false,"footnotes":""},"class_list":["post-3811","page","type-page","status-publish","hentry"],"jetpack_sharing_enabled":true,"_links":{"self":[{"href":"https:\/\/kleinvieh.nordlandreise.ch\/index.php\/wp-json\/wp\/v2\/pages\/3811","targetHints":{"allow":["GET"]}}],"collection":[{"href":"https:\/\/kleinvieh.nordlandreise.ch\/index.php\/wp-json\/wp\/v2\/pages"}],"about":[{"href":"https:\/\/kleinvieh.nordlandreise.ch\/index.php\/wp-json\/wp\/v2\/types\/page"}],"author":[{"embeddable":true,"href":"https:\/\/kleinvieh.nordlandreise.ch\/index.php\/wp-json\/wp\/v2\/users\/1"}],"replies":[{"embeddable":true,"href":"https:\/\/kleinvieh.nordlandreise.ch\/index.php\/wp-json\/wp\/v2\/comments?post=3811"}],"version-history":[{"count":10,"href":"https:\/\/kleinvieh.nordlandreise.ch\/index.php\/wp-json\/wp\/v2\/pages\/3811\/revisions"}],"predecessor-version":[{"id":3952,"href":"https:\/\/kleinvieh.nordlandreise.ch\/index.php\/wp-json\/wp\/v2\/pages\/3811\/revisions\/3952"}],"wp:attachment":[{"href":"https:\/\/kleinvieh.nordlandreise.ch\/index.php\/wp-json\/wp\/v2\/media?parent=3811"}],"curies":[{"name":"wp","href":"https:\/\/api.w.org\/{rel}","templated":true}]}}