{"id":22,"date":"2019-06-12T20:28:12","date_gmt":"2019-06-12T20:28:12","guid":{"rendered":"https:\/\/nordlandreise.ch\/?page_id=22"},"modified":"2024-12-05T15:51:33","modified_gmt":"2024-12-05T15:51:33","slug":"fahrzeugpark-motorrad","status":"publish","type":"page","link":"https:\/\/kleinvieh.nordlandreise.ch\/index.php\/fahrzeugpark-motorrad\/","title":{"rendered":"Parc ferm\u00e9"},"content":{"rendered":"\n<h2 class=\"wp-block-heading\"><a aria-label=\"Moto Guzzi Stelvio 1200 8V NTX (\u00f6ffnet in neuem Tab)\" href=\"https:\/\/de.wikipedia.org\/wiki\/Moto_Guzzi_Stelvio\" target=\"_blank\" rel=\"noreferrer noopener\">Moto Guzzi Stelvio 1200 8V NTX<\/a> (Diva)<\/h2>\n\n\n\n<figure class=\"wp-block-image size-large\"><img decoding=\"async\" src=\"https:\/\/balkantour.nordlandreise.ch\/wp-content\/uploads\/2023\/05\/Stelvio_02-scaled-e1683146910512-1024x576.jpg\" alt=\"\" class=\"wp-image-1966\"\/><\/figure>\n\n\n\n<p>Die Stelvio aka Zementmischer aka Diva aka <a href=\"https:\/\/nordlandreise.ch\/tag07\/\" data-type=\"URL\" data-id=\"https:\/\/nordlandreise.ch\/tag07\/\" target=\"_blank\" rel=\"noreferrer noopener\">Pissnelke<\/a>, begleitet mich seit 2016 treu und ohne grosse Zwischenf\u00e4lle (1 x Z\u00fcndkabel und Lambdasonde) \u00fcber Stock und Stein. Mittlerweile 98&#8217;000km auf dem Buckel, das \u00e4lteste M\u00e4del im Stall aber die J\u00fcngste.<br>Bei 97&#8217;000 hat es den Endantriebsimmenring des Kardan im Piemont genommen, aber das h\u00e4lt sie nicht ab, trotzdem weiter zu fahren.<\/p>\n\n\n\n<figure class=\"wp-block-gallery has-nested-images columns-default is-cropped wp-block-gallery-1 is-layout-flex wp-block-gallery-is-layout-flex\">\n<figure class=\"wp-block-image size-large\"><img decoding=\"async\" data-id=\"1978\" src=\"https:\/\/balkantour.nordlandreise.ch\/wp-content\/uploads\/2023\/05\/20221023_120213-1024x576.jpg\" alt=\"\" class=\"wp-image-1978\"\/><\/figure>\n\n\n\n<figure class=\"wp-block-image size-large\"><img decoding=\"async\" data-id=\"1968\" src=\"https:\/\/balkantour.nordlandreise.ch\/wp-content\/uploads\/2023\/05\/IMG_20160526_141509879_HDR_Zuschnitt-scaled-e1683146884260-1024x710.jpg\" alt=\"\" class=\"wp-image-1968\"\/><\/figure>\n\n\n\n<figure class=\"wp-block-image size-large\"><img decoding=\"async\" data-id=\"1991\" src=\"https:\/\/balkantour.nordlandreise.ch\/wp-content\/uploads\/2023\/05\/ReifenTransport-scaled-e1683227533256-576x1024.jpg\" alt=\"\" class=\"wp-image-1991\"\/><\/figure>\n<\/figure>\n\n\n\n<p class=\"has-text-align-center\">Man kann sie ohne Probleme auch als Reifentransporter oder Kaffeemaschinentransporter verwenden.<\/p>\n\n\n\n<figure class=\"wp-block-image size-large\"><img decoding=\"async\" src=\"https:\/\/balkantour.nordlandreise.ch\/wp-content\/uploads\/2023\/05\/Kaffeetransport-scaled-e1683227547382-1024x576.jpg\" alt=\"\" class=\"wp-image-1992\"\/><\/figure>\n\n\n\n<p class=\"has-text-align-center\">Sie wird mittlerweile auf Kurzstrecke geschont, weil <strong>Tada<\/strong> die Cali 2 ist da.<\/p>\n\n\n\n<div style=\"height:30px\" aria-hidden=\"true\" class=\"wp-block-spacer\"><\/div>\n\n\n\n<h2 class=\"wp-block-heading\">Moto Guzzi California 2 (Nonna)<br>(Die ist zu alt, da gab es noch kein Wikipedia.)<\/h2>\n\n\n\n<p>Oder die Fahrer sind zu alt f\u00fcr Wikipedia, oder das soziale Netzwerk der Fahrer ist draussen, was weiss ich.<\/p>\n\n\n\n<figure class=\"wp-block-image size-large\"><img decoding=\"async\" src=\"https:\/\/balkantour.nordlandreise.ch\/wp-content\/uploads\/2023\/05\/20220819_192713-1024x576.jpg\" alt=\"\" class=\"wp-image-1973\"\/><\/figure>\n\n\n\n<p class=\"has-text-align-center\">(Die alte Dame ist ein wenig scheu.)<\/p>\n\n\n\n<figure class=\"wp-block-gallery has-nested-images columns-default is-cropped wp-block-gallery-2 is-layout-flex wp-block-gallery-is-layout-flex\">\n<figure class=\"wp-block-image size-large\"><img decoding=\"async\" data-id=\"1985\" src=\"https:\/\/balkantour.nordlandreise.ch\/wp-content\/uploads\/2023\/05\/20220830_194101-1010x1024.jpg\" alt=\"\" class=\"wp-image-1985\"\/><\/figure>\n\n\n\n<figure class=\"wp-block-image size-large\"><img decoding=\"async\" data-id=\"1976\" src=\"https:\/\/balkantour.nordlandreise.ch\/wp-content\/uploads\/2023\/05\/20230101_165656-1024x576.jpg\" alt=\"\" class=\"wp-image-1976\"\/><\/figure>\n<\/figure>\n\n\n\n<p>Die J\u00fcngste im Stall, aber doch die \u00c4lteste. Knappe 110&#8217;000km und bereits 13851 Tage alt (Stand: 04. Mai 2023; Ein Freibier f\u00fcr den ersten, der das Zulassungsdatum postet).<br>Ein Traum zum fahren, mit dem neu aufgebauten Solosattel (wird in diesen Tagen fertig) noch besser und bequemer. Eigentlich br\u00e4uchte es ein zweite, als Ersatz. (Der Trend geht eindeutig zum Viert-Motorrad.)<br>Mittlerweile ist sie auch wieder mehr im Originalzustand, das heisst, der Leuchtschirm \u00fcber dem Scheinwerfer ist weg und das originale Hecklicht wieder montiert.<br>Zus\u00e4tzlich gab es einen neuen (Einzel)-Sitz und ein massgeschneidertes Topcase.<\/p>\n\n\n\n<figure class=\"wp-block-gallery has-nested-images columns-default is-cropped wp-block-gallery-3 is-layout-flex wp-block-gallery-is-layout-flex\">\n<figure class=\"wp-block-image size-large\"><img loading=\"lazy\" decoding=\"async\" width=\"1024\" height=\"576\" data-id=\"3816\" src=\"https:\/\/kleinvieh.nordlandreise.ch\/wp-content\/uploads\/2024\/12\/20230606_192847-1024x576.jpg\" alt=\"\" class=\"wp-image-3816\"\/><\/figure>\n\n\n\n<figure class=\"wp-block-image size-large\"><img loading=\"lazy\" decoding=\"async\" width=\"1024\" height=\"576\" data-id=\"3817\" src=\"https:\/\/kleinvieh.nordlandreise.ch\/wp-content\/uploads\/2024\/12\/20230606_192335-1024x576.jpg\" alt=\"\" class=\"wp-image-3817\"\/><\/figure>\n\n\n\n<figure class=\"wp-block-image size-large\"><img loading=\"lazy\" decoding=\"async\" width=\"1024\" height=\"576\" data-id=\"3819\" src=\"https:\/\/kleinvieh.nordlandreise.ch\/wp-content\/uploads\/2024\/12\/20230606_192203-1024x576.jpg\" alt=\"\" class=\"wp-image-3819\"\/><\/figure>\n\n\n\n<figure class=\"wp-block-image size-large\"><img loading=\"lazy\" decoding=\"async\" width=\"1024\" height=\"684\" data-id=\"3818\" src=\"https:\/\/kleinvieh.nordlandreise.ch\/wp-content\/uploads\/2024\/12\/Tasche_02-1024x684.jpg\" alt=\"\" class=\"wp-image-3818\" srcset=\"https:\/\/kleinvieh.nordlandreise.ch\/wp-content\/uploads\/2024\/12\/Tasche_02-1024x684.jpg 1024w, https:\/\/kleinvieh.nordlandreise.ch\/wp-content\/uploads\/2024\/12\/Tasche_02-300x200.jpg 300w, https:\/\/kleinvieh.nordlandreise.ch\/wp-content\/uploads\/2024\/12\/Tasche_02-768x513.jpg 768w, https:\/\/kleinvieh.nordlandreise.ch\/wp-content\/uploads\/2024\/12\/Tasche_02-1536x1027.jpg 1536w, https:\/\/kleinvieh.nordlandreise.ch\/wp-content\/uploads\/2024\/12\/Tasche_02-200x134.jpg 200w, https:\/\/kleinvieh.nordlandreise.ch\/wp-content\/uploads\/2024\/12\/Tasche_02-898x600.jpg 898w, https:\/\/kleinvieh.nordlandreise.ch\/wp-content\/uploads\/2024\/12\/Tasche_02-1496x1000.jpg 1496w, https:\/\/kleinvieh.nordlandreise.ch\/wp-content\/uploads\/2024\/12\/Tasche_02.jpg 1616w\" sizes=\"auto, (max-width: 1024px) 100vw, 1024px\" \/><\/figure>\n<\/figure>\n\n\n\n<p><\/p>\n\n\n\n<h2 class=\"wp-block-heading\"><a href=\"https:\/\/de.wikipedia.org\/wiki\/BMW_F_650_GS\" target=\"_blank\" rel=\"noreferrer noopener\">BMW F 650 GS<\/a> (Knecht Ruprecht)<\/h2>\n\n\n\n<figure class=\"wp-block-image size-large\"><img decoding=\"async\" src=\"https:\/\/balkantour.nordlandreise.ch\/wp-content\/uploads\/2023\/05\/20210706_142216-1024x576.jpg\" alt=\"\" class=\"wp-image-1983\"\/><\/figure>\n\n\n\n<p>Die goldene Mitte! Gute 20 Jahre und 65&#8217;000km auf der Uhr. Zuverl\u00e4ssig im Sommer und Winter, aber auch im Fr\u00fchling und Herbst. Ist sich zu nichts zu schade, ausser auf der Assietta, da wollte sie frei sein und hat das Topcase abgeworfen.<\/p>\n\n\n\n<figure class=\"wp-block-gallery has-nested-images columns-default is-cropped wp-block-gallery-4 is-layout-flex wp-block-gallery-is-layout-flex\">\n<figure class=\"wp-block-image size-large\"><img decoding=\"async\" data-id=\"2001\" src=\"https:\/\/balkantour.nordlandreise.ch\/wp-content\/uploads\/2023\/05\/20210706_151416-scaled-e1683230652988-576x1024.jpg\" alt=\"\" class=\"wp-image-2001\"\/><\/figure>\n\n\n\n<figure class=\"wp-block-image size-large\"><img decoding=\"async\" data-id=\"2004\" src=\"https:\/\/balkantour.nordlandreise.ch\/wp-content\/uploads\/2023\/05\/Assietta-scaled-e1683230788999-576x1024.jpg\" alt=\"\" class=\"wp-image-2004\"\/><\/figure>\n<\/figure>\n\n\n\n<p class=\"has-text-align-center\">Notfallm\u00e4ssig montiert, bis zur Entsorgungstonne beim <a href=\"http:\/\/www.albergoassietta.it\/de\/\" target=\"_blank\" rel=\"noreferrer noopener\">Hotel Assietta<\/a> in <a href=\"https:\/\/de.wikipedia.org\/wiki\/Sauze_d%E2%80%99Oulx\" target=\"_blank\" rel=\"noreferrer noopener\">Sauze d&#8217;Oulx.<\/a><\/p>\n\n\n\n<figure class=\"wp-block-gallery has-nested-images columns-default is-cropped wp-block-gallery-5 is-layout-flex wp-block-gallery-is-layout-flex\"><div class=\"wp-block-image\">\n<figure class=\"aligncenter size-large\"><img decoding=\"async\" data-id=\"1982\" src=\"https:\/\/balkantour.nordlandreise.ch\/wp-content\/uploads\/2023\/05\/20210707_140209-1024x576.jpg\" alt=\"\" class=\"wp-image-1982\"\/><\/figure>\n<\/div>\n\n\n<figure class=\"wp-block-image size-large\"><img decoding=\"async\" data-id=\"1977\" src=\"https:\/\/balkantour.nordlandreise.ch\/wp-content\/uploads\/2023\/05\/IMG-20171127-WA0003-576x1024.jpg\" alt=\"\" class=\"wp-image-1977\"\/><\/figure>\n\n\n\n<figure class=\"wp-block-image size-large\"><img decoding=\"async\" data-id=\"2009\" src=\"https:\/\/balkantour.nordlandreise.ch\/wp-content\/uploads\/2023\/05\/Weidekraut-e1683231750242-720x1024.jpg\" alt=\"\" class=\"wp-image-2009\"\/><\/figure>\n<\/figure>\n\n\n<div class=\"wp-block-image\">\n<figure class=\"aligncenter size-large\"><img decoding=\"async\" src=\"https:\/\/balkantour.nordlandreise.ch\/wp-content\/uploads\/2023\/05\/20191221_110257-scaled-e1683231740926-576x1024.jpg\" alt=\"\" class=\"wp-image-2008\"\/><\/figure>\n<\/div>\n\n\n<p class=\"has-text-align-center\">Im Sommer wie im Winter, sie macht immer eine gute Figur.<br>(Den Zyklopen im Hintergrund braucht Ihr nicht zu beachten.)<\/p>\n\n\n\n<p>Zwischenzeitlich wurde Ruprecht aufgewertet, er hat ein neues Wilbers Offroad Federbein und LED-Zusatzscheinwerfer erhalten. Er ist mittlerweile die erste Wahl f\u00fcr alle Offroad- und Uboottouren.<\/p>\n\n\n\n<figure class=\"wp-block-gallery has-nested-images columns-default is-cropped wp-block-gallery-6 is-layout-flex wp-block-gallery-is-layout-flex\">\n<figure class=\"wp-block-image size-large\"><img loading=\"lazy\" decoding=\"async\" width=\"768\" height=\"1024\" data-id=\"3821\" src=\"https:\/\/kleinvieh.nordlandreise.ch\/wp-content\/uploads\/2024\/12\/20230828_192044-768x1024.jpg\" alt=\"\" class=\"wp-image-3821\"\/><\/figure>\n\n\n\n<figure class=\"wp-block-image size-large\"><img loading=\"lazy\" decoding=\"async\" width=\"1024\" height=\"683\" data-id=\"3824\" src=\"https:\/\/kleinvieh.nordlandreise.ch\/wp-content\/uploads\/2024\/12\/1420_TIME17_52_HAT24_pra-1024x683.jpg\" alt=\"\" class=\"wp-image-3824\"\/><\/figure>\n\n\n\n<figure class=\"wp-block-image size-large\"><img loading=\"lazy\" decoding=\"async\" width=\"485\" height=\"1024\" data-id=\"3825\" src=\"https:\/\/kleinvieh.nordlandreise.ch\/wp-content\/uploads\/2024\/12\/20240905_064611-485x1024.jpg\" alt=\"\" class=\"wp-image-3825\"\/><\/figure>\n\n\n\n<figure class=\"wp-block-image size-large\"><img loading=\"lazy\" decoding=\"async\" width=\"576\" height=\"1024\" data-id=\"3822\" src=\"https:\/\/kleinvieh.nordlandreise.ch\/wp-content\/uploads\/2024\/12\/20230822_184436-576x1024.jpg\" alt=\"\" class=\"wp-image-3822\"\/><\/figure>\n<\/figure>\n\n\n\n<p><\/p>\n","protected":false},"excerpt":{"rendered":"<p>Moto Guzzi Stelvio 1200 8V NTX (Diva) Die Stelvio aka Zementmischer aka Diva aka Pissnelke, begleitet mich seit 2016 treu und ohne grosse Zwischenf\u00e4lle (1 x Z\u00fcndkabel und Lambdasonde) \u00fcber Stock und Stein. Mittlerweile 98&#8217;000km auf dem Buckel, das \u00e4lteste M\u00e4del im Stall aber die J\u00fcngste.Bei 97&#8217;000 hat es den Endantriebsimmenring des Kardan im Piemont&hellip;<\/p>\n","protected":false},"author":1,"featured_media":0,"parent":0,"menu_order":2,"comment_status":"open","ping_status":"closed","template":"","meta":{"_themeisle_gutenberg_block_has_review":false,"footnotes":""},"class_list":["post-22","page","type-page","status-publish","hentry"],"jetpack_sharing_enabled":true,"_links":{"self":[{"href":"https:\/\/kleinvieh.nordlandreise.ch\/index.php\/wp-json\/wp\/v2\/pages\/22","targetHints":{"allow":["GET"]}}],"collection":[{"href":"https:\/\/kleinvieh.nordlandreise.ch\/index.php\/wp-json\/wp\/v2\/pages"}],"about":[{"href":"https:\/\/kleinvieh.nordlandreise.ch\/index.php\/wp-json\/wp\/v2\/types\/page"}],"author":[{"embeddable":true,"href":"https:\/\/kleinvieh.nordlandreise.ch\/index.php\/wp-json\/wp\/v2\/users\/1"}],"replies":[{"embeddable":true,"href":"https:\/\/kleinvieh.nordlandreise.ch\/index.php\/wp-json\/wp\/v2\/comments?post=22"}],"version-history":[{"count":5,"href":"https:\/\/kleinvieh.nordlandreise.ch\/index.php\/wp-json\/wp\/v2\/pages\/22\/revisions"}],"predecessor-version":[{"id":3826,"href":"https:\/\/kleinvieh.nordlandreise.ch\/index.php\/wp-json\/wp\/v2\/pages\/22\/revisions\/3826"}],"wp:attachment":[{"href":"https:\/\/kleinvieh.nordlandreise.ch\/index.php\/wp-json\/wp\/v2\/media?parent=22"}],"curies":[{"name":"wp","href":"https:\/\/api.w.org\/{rel}","templated":true}]}}