{"id":200,"date":"2019-06-23T10:01:17","date_gmt":"2019-06-23T10:01:17","guid":{"rendered":"https:\/\/nordlandreise.ch\/?page_id=200"},"modified":"2024-12-05T14:54:25","modified_gmt":"2024-12-05T14:54:25","slug":"impressum","status":"publish","type":"page","link":"https:\/\/kleinvieh.nordlandreise.ch\/index.php\/impressum\/","title":{"rendered":"Impressum"},"content":{"rendered":"\n<p><b>Verantwortliche Instanz:<\/b><br\/><br\/><br\/>Daniele Leucci<br\/>Obere Dorfstrasse 29<br\/>4126 Bettingen<br\/>Schweiz<br\/><strong>E-Mail<\/strong>: daniele.leucci@gmail.com<br\/><br\/><strong>Haftungsausschluss<\/strong><br\/>Der Autor \u00fcbernimmt keine Gew\u00e4hr f\u00fcr die Richtigkeit, Genauigkeit, Aktualit\u00e4t, Zuverl\u00e4ssigkeit und Vollst\u00e4ndigkeit der Informationen.<br\/>Haftungsanspr\u00fcche gegen den Autor wegen Sch\u00e4den materieller oder immaterieller Art, die aus dem Zugriff oder der Nutzung bzw. Nichtnutzung der ver\u00f6ffentlichten Informationen, durch Missbrauch der Verbindung oder durch technische St\u00f6rungen entstanden sind, werden ausgeschlossen.<br\/><br\/>Alle Angebote sind freibleibend. Der Autor beh\u00e4lt es sich ausdr\u00fccklich vor, Teile der Seiten oder das gesamte Angebot ohne gesonderte Ank\u00fcndigung zu ver\u00e4ndern, zu erg\u00e4nzen, zu l\u00f6schen oder die Ver\u00f6ffentlichung zeitweise oder endg\u00fcltig einzustellen.<br\/><br\/><strong>Haftungsausschluss f\u00fcr Inhalte und Links<\/strong><br\/>Verweise und Links auf Webseiten Dritter liegen ausserhalb unseres Verantwortungsbereichs. Es wird jegliche Verantwortung f\u00fcr solche Webseiten abgelehnt. Der Zugriff und die Nutzung solcher Webseiten erfolgen auf eigene Gefahr des jeweiligen Nutzers.<br\/><br\/>\n","protected":false},"excerpt":{"rendered":"<p>Verantwortliche Instanz: Daniele LeucciObere Dorfstrasse 294126 BettingenSchweizE-Mail: daniele.leucci@gmail.com HaftungsausschlussDer Autor \u00fcbernimmt keine Gew\u00e4hr f\u00fcr die Richtigkeit, Genauigkeit, Aktualit\u00e4t, Zuverl\u00e4ssigkeit und Vollst\u00e4ndigkeit der Informationen.Haftungsanspr\u00fcche gegen den Autor wegen Sch\u00e4den materieller oder immaterieller Art, die aus dem Zugriff oder der Nutzung bzw. Nichtnutzung der ver\u00f6ffentlichten Informationen, durch Missbrauch der Verbindung oder durch technische St\u00f6rungen entstanden sind, werden&hellip;<\/p>\n","protected":false},"author":2,"featured_media":0,"parent":0,"menu_order":95,"comment_status":"open","ping_status":"closed","template":"","meta":{"_themeisle_gutenberg_block_has_review":false,"footnotes":""},"class_list":["post-200","page","type-page","status-publish","hentry"],"jetpack_sharing_enabled":true,"_links":{"self":[{"href":"https:\/\/kleinvieh.nordlandreise.ch\/index.php\/wp-json\/wp\/v2\/pages\/200","targetHints":{"allow":["GET"]}}],"collection":[{"href":"https:\/\/kleinvieh.nordlandreise.ch\/index.php\/wp-json\/wp\/v2\/pages"}],"about":[{"href":"https:\/\/kleinvieh.nordlandreise.ch\/index.php\/wp-json\/wp\/v2\/types\/page"}],"author":[{"embeddable":true,"href":"https:\/\/kleinvieh.nordlandreise.ch\/index.php\/wp-json\/wp\/v2\/users\/2"}],"replies":[{"embeddable":true,"href":"https:\/\/kleinvieh.nordlandreise.ch\/index.php\/wp-json\/wp\/v2\/comments?post=200"}],"version-history":[{"count":3,"href":"https:\/\/kleinvieh.nordlandreise.ch\/index.php\/wp-json\/wp\/v2\/pages\/200\/revisions"}],"predecessor-version":[{"id":3805,"href":"https:\/\/kleinvieh.nordlandreise.ch\/index.php\/wp-json\/wp\/v2\/pages\/200\/revisions\/3805"}],"wp:attachment":[{"href":"https:\/\/kleinvieh.nordlandreise.ch\/index.php\/wp-json\/wp\/v2\/media?parent=200"}],"curies":[{"name":"wp","href":"https:\/\/api.w.org\/{rel}","templated":true}]}}