{"id":1787,"date":"2019-06-12T20:28:12","date_gmt":"2019-06-12T20:28:12","guid":{"rendered":"https:\/\/nordlandreise.ch\/?page_id=20"},"modified":"2024-12-05T15:15:58","modified_gmt":"2024-12-05T15:15:58","slug":"fahrerlager-motorrad","status":"publish","type":"page","link":"https:\/\/kleinvieh.nordlandreise.ch\/index.php\/fahrerlager-motorrad\/","title":{"rendered":"Fahrerlager"},"content":{"rendered":"\n<figure class=\"wp-block-gallery has-nested-images columns-default is-cropped wp-block-gallery-1 is-layout-flex wp-block-gallery-is-layout-flex\">\n<figure class=\"wp-block-image size-large\"><img decoding=\"async\" data-id=\"1980\" src=\"https:\/\/balkantour.nordlandreise.ch\/wp-content\/uploads\/2023\/05\/20220730_145907-1024x768.jpg\" alt=\"\" class=\"wp-image-1980\"\/><\/figure>\n\n\n\n<figure class=\"wp-block-image size-large\"><img decoding=\"async\" data-id=\"1969\" src=\"https:\/\/balkantour.nordlandreise.ch\/wp-content\/uploads\/2023\/05\/20160828_115142_HDR-scaled-e1683146870968-1024x576.jpg\" alt=\"\" class=\"wp-image-1969\"\/><\/figure>\n\n\n\n<figure class=\"wp-block-image size-large\"><img decoding=\"async\" data-id=\"2007\" src=\"https:\/\/balkantour.nordlandreise.ch\/wp-content\/uploads\/2023\/05\/20210828_140401-scaled-e1683231767686-1024x768.jpg\" alt=\"\" class=\"wp-image-2007\"\/><\/figure>\n\n\n\n<figure class=\"wp-block-image size-large\"><img decoding=\"async\" data-id=\"1943\" src=\"https:\/\/balkantour.nordlandreise.ch\/wp-content\/uploads\/2023\/04\/Zementmischer01-e1683146935327-1024x683.jpg\" alt=\"\" class=\"wp-image-1943\"\/><\/figure>\n\n\n\n<figure class=\"wp-block-image size-large\"><img decoding=\"async\" data-id=\"1981\" src=\"https:\/\/balkantour.nordlandreise.ch\/wp-content\/uploads\/2023\/05\/IMG_20210828_141554-1024x768.jpg\" alt=\"\" class=\"wp-image-1981\"\/><\/figure>\n<\/figure>\n\n\n\n<figure class=\"wp-block-image size-large\"><img decoding=\"async\" src=\"https:\/\/balkantour.nordlandreise.ch\/wp-content\/uploads\/2023\/05\/Radar-e1683228747586-1024x500.png\" alt=\"\" class=\"wp-image-1996\"\/><\/figure>\n\n\n<p>Daniele aka &#171;Irreritaker&#187; mag lange Touren lieber als kurze Trips. Das beisst sich aber mit dem Arbeits- und Privatleben, darum wurde es bis jetzt erst der Trip ans <a href=\"https:\/\/nordlandreise.ch\" target=\"_blank\" rel=\"noopener\">Nordkap<\/a>.<br \/>(Gut zuerst ein junger Spund, dann Familie und Kinder, und erst wieder seit 2016 mit dem Motorrad unterwegs.)<\/p>\n<p>Nachdem Corona uns allen viele Streiche und gestrichene \/ nicht angetretene Reisen beschert hat, ist es nun Zeit sich wieder weiter weg zu bewegen.<\/p>\n<p>Nachdem ich im 2019 noch ausf\u00fchrlich \u00fcber das daf\u00fcr bzw. das dawider betreffend <a href=\"https:\/\/nordlandreise.ch\/fahrerlager-motorrad\/\" target=\"_blank\" rel=\"noopener\">Reisem\u00f6glichkeiten ausgelassen<\/a> habe, im 2023 dann die ultimative (das heisst nicht beste) Kombination &#171;Alleine &#8211; Gruppe &#8211; Alleine&#187; gemacht habe, kommt dann im August 2025 eventuell wieder was anderes. Man muss schliesslich agil bleiben.<\/p>\n<p>Hier aber nun zuerst eine lose Auflistung meiner sonstigen kleinen Touren.<\/p>\n<p>Viel Spass beim betrachten der Fotos und Videos w\u00fcnscht Euch<br \/>Daniele<\/p>","protected":false},"excerpt":{"rendered":"<p>Daniele aka &#171;Irreritaker&#187; mag lange Touren lieber als kurze Trips. Das beisst sich aber mit dem Arbeits- und Privatleben, darum wurde es bis jetzt erst der Trip ans Nordkap.(Gut zuerst ein junger Spund, dann Familie und Kinder, und erst wieder seit 2016 mit dem Motorrad unterwegs.) Nachdem Corona uns allen viele Streiche und gestrichene \/&hellip;<\/p>\n","protected":false},"author":1,"featured_media":0,"parent":0,"menu_order":1,"comment_status":"open","ping_status":"closed","template":"","meta":{"_themeisle_gutenberg_block_has_review":false,"footnotes":""},"class_list":["post-1787","page","type-page","status-publish","hentry"],"jetpack_sharing_enabled":true,"_links":{"self":[{"href":"https:\/\/kleinvieh.nordlandreise.ch\/index.php\/wp-json\/wp\/v2\/pages\/1787","targetHints":{"allow":["GET"]}}],"collection":[{"href":"https:\/\/kleinvieh.nordlandreise.ch\/index.php\/wp-json\/wp\/v2\/pages"}],"about":[{"href":"https:\/\/kleinvieh.nordlandreise.ch\/index.php\/wp-json\/wp\/v2\/types\/page"}],"author":[{"embeddable":true,"href":"https:\/\/kleinvieh.nordlandreise.ch\/index.php\/wp-json\/wp\/v2\/users\/1"}],"replies":[{"embeddable":true,"href":"https:\/\/kleinvieh.nordlandreise.ch\/index.php\/wp-json\/wp\/v2\/comments?post=1787"}],"version-history":[{"count":4,"href":"https:\/\/kleinvieh.nordlandreise.ch\/index.php\/wp-json\/wp\/v2\/pages\/1787\/revisions"}],"predecessor-version":[{"id":3814,"href":"https:\/\/kleinvieh.nordlandreise.ch\/index.php\/wp-json\/wp\/v2\/pages\/1787\/revisions\/3814"}],"wp:attachment":[{"href":"https:\/\/kleinvieh.nordlandreise.ch\/index.php\/wp-json\/wp\/v2\/media?parent=1787"}],"curies":[{"name":"wp","href":"https:\/\/api.w.org\/{rel}","templated":true}]}}